{"id":188,"date":"2021-09-01T10:42:51","date_gmt":"2021-09-01T10:42:51","guid":{"rendered":"https:\/\/itbusiness.liquid-themes.com\/elementor\/?page_id=188"},"modified":"2023-05-06T11:13:30","modified_gmt":"2023-05-06T08:13:30","slug":"uber-uns","status":"publish","type":"page","link":"https:\/\/surgistclinic.com\/de\/uber-uns\/","title":{"rendered":"\u00dcber uns"},"content":{"rendered":"\t\t<div data-elementor-type=\"wp-page\" data-elementor-id=\"188\" class=\"elementor elementor-188\">\n\t\t\t\t\t\t\t\t\t<section class=\"elementor-section elementor-top-section elementor-element elementor-element-01326fc elementor-section-boxed elementor-section-height-default elementor-section-height-default\" data-id=\"01326fc\" data-element_type=\"section\" data-settings=\"{&quot;background_background&quot;:&quot;classic&quot;}\">\n\t\t\t\t\t\t<div class=\"elementor-container elementor-column-gap-default\">\n\t\t\t\t\t<div class=\"elementor-column elementor-col-100 elementor-top-column elementor-element elementor-element-202d074\" data-id=\"202d074\" data-element_type=\"column\">\n\t\t\t<div class=\"elementor-widget-wrap elementor-element-populated\">\n\t\t\t\t\t\t\t\t<section class=\"elementor-section elementor-inner-section elementor-element elementor-element-33e8202 elementor-section-boxed elementor-section-height-default elementor-section-height-default\" data-id=\"33e8202\" data-element_type=\"section\">\n\t\t\t\t\t\t<div class=\"elementor-container elementor-column-gap-default\">\n\t\t\t\t\t<div class=\"elementor-column elementor-col-100 elementor-inner-column elementor-element elementor-element-1c45301\" data-id=\"1c45301\" data-element_type=\"column\">\n\t\t\t<div class=\"elementor-widget-wrap elementor-element-populated\">\n\t\t\t\t\t\t\t\t<div class=\"elementor-element elementor-element-ea0a1d8 elementor-widget elementor-widget-hub_fancy_heading\" data-id=\"ea0a1d8\" data-element_type=\"widget\" data-widget_type=\"hub_fancy_heading.default\">\n\t\t\t\t<div class=\"elementor-widget-container\">\n\t\t\t\n\t\t<div id=\"ld-fancy-heading-69e6135fbc699\" class=\"ld-fancy-heading pos-rel\">\n\t\t\t<h1 class=\"ld-fh-element d-inline-block pos-rel elementor-heading-title lqd-highlight-classic lqd-highlight-grow-left h1\"  > \u00dcber uns<\/h1>\t\t<\/div>\n\n\t\t\t\t<\/div>\n\t\t\t\t<\/div>\n\t\t\t\t<div class=\"elementor-element elementor-element-3948739 elementor-widget elementor-widget-spacer\" data-id=\"3948739\" data-element_type=\"widget\" data-widget_type=\"spacer.default\">\n\t\t\t\t<div class=\"elementor-widget-container\">\n\t\t\t<style>\/*! elementor - v3.6.7 - 03-07-2022 *\/\n.e-container.e-container--row .elementor-spacer-inner{width:var(--spacer-size)}.e-container.e-container--column .elementor-spacer-inner,.elementor-column .elementor-spacer-inner{height:var(--spacer-size)}<\/style>\t\t<div class=\"elementor-spacer\">\n\t\t\t<div class=\"elementor-spacer-inner\"><\/div>\n\t\t<\/div>\n\t\t\t\t<\/div>\n\t\t\t\t<\/div>\n\t\t\t\t<div class=\"elementor-element elementor-element-ce30183 elementor-widget__width-auto elementor-widget elementor-widget-ld_breadcrumb\" data-id=\"ce30183\" data-element_type=\"widget\" data-widget_type=\"ld_breadcrumb.default\">\n\t\t\t\t<div class=\"elementor-widget-container\">\n\t\t\t<div class=\"lqd-breadcrumb-wrapper\"><nav role=\"navigation\" aria-label=\"Breadcrumbs\" class=\"breadcrumbs\"><ol class=\"breadcrumb reset-ul inline-nav inline-ul comma-sep-li\"><li class=\"breadcrumb-item active\"><a href=\"https:\/\/surgistclinic.com\/de\" rel=\"home\"><span>Anasayfa<\/span><\/a><\/li><\/ol><\/nav><\/div>\t\t<\/div>\n\t\t\t\t<\/div>\n\t\t\t\t\t<\/div>\n\t\t<\/div>\n\t\t\t\t\t\t\t<\/div>\n\t\t<\/section>\n\t\t\t\t\t<\/div>\n\t\t<\/div>\n\t\t\t\t\t\t\t<\/div>\n\t\t<\/section>\n\t\t\t\t<section class=\"elementor-section elementor-top-section elementor-element elementor-element-0f01727 elementor-section-boxed elementor-section-height-default elementor-section-height-default\" data-id=\"0f01727\" data-element_type=\"section\" data-settings=\"{&quot;background_background&quot;:&quot;classic&quot;}\">\n\t\t\t\t\t\t<div class=\"elementor-container elementor-column-gap-default\">\n\t\t\t\t\t<div class=\"elementor-column elementor-col-50 elementor-top-column elementor-element elementor-element-6777c11\" data-id=\"6777c11\" data-element_type=\"column\">\n\t\t\t<div class=\"elementor-widget-wrap elementor-element-populated\">\n\t\t\t\t\t\t\t\t<section class=\"elementor-section elementor-inner-section elementor-element elementor-element-157c365 elementor-section-boxed elementor-section-height-default elementor-section-height-default\" data-id=\"157c365\" data-element_type=\"section\">\n\t\t\t\t\t\t<div class=\"elementor-container elementor-column-gap-default\">\n\t\t\t\t\t<div class=\"elementor-column elementor-col-100 elementor-inner-column elementor-element elementor-element-fe8e691\" data-id=\"fe8e691\" data-element_type=\"column\">\n\t\t\t<div class=\"elementor-widget-wrap elementor-element-populated\">\n\t\t\t\t\t\t\t\t<div class=\"elementor-element elementor-element-c7212c1 elementor-widget elementor-widget-image\" data-id=\"c7212c1\" data-element_type=\"widget\" data-widget_type=\"image.default\">\n\t\t\t\t<div class=\"elementor-widget-container\">\n\t\t\t<style>\/*! elementor - v3.6.7 - 03-07-2022 *\/\n.elementor-widget-image{text-align:center}.elementor-widget-image a{display:inline-block}.elementor-widget-image a img[src$=\".svg\"]{width:48px}.elementor-widget-image img{vertical-align:middle;display:inline-block}<\/style>\t\t\t\t\t\t\t\t\t\t\t\t<img decoding=\"async\" width=\"635\" height=\"495\" src=\"https:\/\/surgistclinic.com\/de\/wp-content\/uploads\/2023\/04\/surgist-clinic1.jpg\" class=\"attachment-full size-full\" alt=\"\" srcset=\"https:\/\/surgistclinic.com\/de\/wp-content\/uploads\/2023\/04\/surgist-clinic1.jpg 635w, https:\/\/surgistclinic.com\/de\/wp-content\/uploads\/2023\/04\/surgist-clinic1-300x234.jpg 300w\" sizes=\"(max-width: 635px) 100vw, 635px\" \/>\t\t\t\t\t\t\t\t\t\t\t\t\t\t\t<\/div>\n\t\t\t\t<\/div>\n\t\t\t\t\t<\/div>\n\t\t<\/div>\n\t\t\t\t\t\t\t<\/div>\n\t\t<\/section>\n\t\t\t\t\t<\/div>\n\t\t<\/div>\n\t\t\t\t<div class=\"elementor-column elementor-col-50 elementor-top-column elementor-element elementor-element-593d68a\" data-id=\"593d68a\" data-element_type=\"column\">\n\t\t\t<div class=\"elementor-widget-wrap elementor-element-populated\">\n\t\t\t\t\t\t\t\t<div class=\"elementor-element elementor-element-5939f34 elementor-widget elementor-widget-spacer\" data-id=\"5939f34\" data-element_type=\"widget\" data-widget_type=\"spacer.default\">\n\t\t\t\t<div class=\"elementor-widget-container\">\n\t\t\t\t\t<div class=\"elementor-spacer\">\n\t\t\t<div class=\"elementor-spacer-inner\"><\/div>\n\t\t<\/div>\n\t\t\t\t<\/div>\n\t\t\t\t<\/div>\n\t\t\t\t<div class=\"elementor-element elementor-element-c1d4636 elementor-widget elementor-widget-text-editor\" data-id=\"c1d4636\" data-element_type=\"widget\" data-widget_type=\"text-editor.default\">\n\t\t\t\t<div class=\"elementor-widget-container\">\n\t\t\t<style>\/*! elementor - v3.6.7 - 03-07-2022 *\/\n.elementor-widget-text-editor.elementor-drop-cap-view-stacked .elementor-drop-cap{background-color:#818a91;color:#fff}.elementor-widget-text-editor.elementor-drop-cap-view-framed .elementor-drop-cap{color:#818a91;border:3px solid;background-color:transparent}.elementor-widget-text-editor:not(.elementor-drop-cap-view-default) .elementor-drop-cap{margin-top:8px}.elementor-widget-text-editor:not(.elementor-drop-cap-view-default) .elementor-drop-cap-letter{width:1em;height:1em}.elementor-widget-text-editor .elementor-drop-cap{float:left;text-align:center;line-height:1;font-size:50px}.elementor-widget-text-editor .elementor-drop-cap-letter{display:inline-block}<\/style>\t\t\t\t<p>Als <strong>Surgist Clinic<\/strong> bieten wir unseren Patienten und Kunden Dienstleistungen in verschiedenen medizinischen Bereichen an. Von der medizinischen \u00c4sthetik bis zur Haartransplantation stehen wir Ihnen mit unseren hochmodernen technischen Ger\u00e4ten und unserem Expertenteam bei jedem Schritt zur Seite.<\/p><p>Als <strong>Surgist Clinic<\/strong> bieten wir verschiedene Behandlungsm\u00f6glichkeiten an, um unseren Patienten das gew\u00fcnschte Aussehen zu verleihen.<\/p><p><strong>Surgist Clinic<\/strong> verf\u00fcgt \u00fcber kompetente und erfahrene \u00c4rzte, die ihren Patienten die besten und sichersten Behandlungsmethoden und Ergebnisse bieten m\u00f6chten.<\/p><p>Die \u00c4rzte der <strong>Surgist Clinic<\/strong> stellen ihre Patienten in den Mittelpunkt; sie h\u00f6ren sich deren Anliegen an und gestalten die Behandlungsverfahren so, dass die gew\u00fcnschten Ergebnisse erzielt werden.<\/p><p>In den Bereichen plastische Chirurgie, Haartransplantation sowie zahnmedizinische und bariatrische Anwendungen; Beitrag zur Entwicklung der Medizin, ohne ethische Grunds\u00e4tze zu verletzen, durch Bereitstellung von menschenorientierten, ganzheitlichen, nachhaltigen Gesundheitsdienstleistungen mit einem internationalen Qualit\u00e4tsverst\u00e4ndnis.<\/p>\t\t\t\t\t\t<\/div>\n\t\t\t\t<\/div>\n\t\t\t\t\t<\/div>\n\t\t<\/div>\n\t\t\t\t\t\t\t<\/div>\n\t\t<\/section>\n\t\t\t\t\t\t\t<\/div>\n\t\t","protected":false},"excerpt":{"rendered":"<p>\u00dcber uns Anasayfa Als Surgist Clinic bieten wir unseren Patienten und Kunden Dienstleistungen in verschiedenen medizinischen Bereichen an. Von der medizinischen \u00c4sthetik bis zur Haartransplantation stehen wir Ihnen mit unseren hochmodernen technischen Ger\u00e4ten und unserem Expertenteam bei jedem Schritt zur Seite. Als Surgist Clinic bieten wir verschiedene Behandlungsm\u00f6glichkeiten an, um unseren Patienten das gew\u00fcnschte Aussehen [&hellip;]<\/p>\n","protected":false},"author":1,"featured_media":0,"parent":0,"menu_order":0,"comment_status":"closed","ping_status":"closed","template":"","meta":{"footnotes":""},"class_list":["post-188","page","type-page","status-publish","hentry"],"_links":{"self":[{"href":"https:\/\/surgistclinic.com\/de\/wp-json\/wp\/v2\/pages\/188","targetHints":{"allow":["GET"]}}],"collection":[{"href":"https:\/\/surgistclinic.com\/de\/wp-json\/wp\/v2\/pages"}],"about":[{"href":"https:\/\/surgistclinic.com\/de\/wp-json\/wp\/v2\/types\/page"}],"author":[{"embeddable":true,"href":"https:\/\/surgistclinic.com\/de\/wp-json\/wp\/v2\/users\/1"}],"replies":[{"embeddable":true,"href":"https:\/\/surgistclinic.com\/de\/wp-json\/wp\/v2\/comments?post=188"}],"version-history":[{"count":170,"href":"https:\/\/surgistclinic.com\/de\/wp-json\/wp\/v2\/pages\/188\/revisions"}],"predecessor-version":[{"id":5904,"href":"https:\/\/surgistclinic.com\/de\/wp-json\/wp\/v2\/pages\/188\/revisions\/5904"}],"wp:attachment":[{"href":"https:\/\/surgistclinic.com\/de\/wp-json\/wp\/v2\/media?parent=188"}],"curies":[{"name":"wp","href":"https:\/\/api.w.org\/{rel}","templated":true}]}}