{"id":1704,"date":"2022-06-29T17:30:29","date_gmt":"2022-06-29T14:30:29","guid":{"rendered":"https:\/\/surgistclinic.com\/fr\/tr\/?page_id=1704"},"modified":"2023-04-25T16:31:10","modified_gmt":"2023-04-25T13:31:10","slug":"rhinoplastie","status":"publish","type":"page","link":"https:\/\/surgistclinic.com\/fr\/rhinoplastie\/","title":{"rendered":"Rhinoplastie"},"content":{"rendered":"\t\t<div data-elementor-type=\"wp-page\" data-elementor-id=\"1704\" class=\"elementor elementor-1704\">\n\t\t\t\t\t\t\t\t\t<section class=\"elementor-section elementor-top-section elementor-element elementor-element-1292530 elementor-section-boxed elementor-section-height-default elementor-section-height-default\" data-id=\"1292530\" data-element_type=\"section\" data-settings=\"{&quot;background_background&quot;:&quot;classic&quot;}\">\n\t\t\t\t\t\t<div class=\"elementor-container elementor-column-gap-default\">\n\t\t\t\t\t<div class=\"elementor-column elementor-col-100 elementor-top-column elementor-element elementor-element-eb9492b\" data-id=\"eb9492b\" data-element_type=\"column\">\n\t\t\t<div class=\"elementor-widget-wrap elementor-element-populated\">\n\t\t\t\t\t\t\t\t<section class=\"elementor-section elementor-inner-section elementor-element elementor-element-c917886 elementor-section-boxed elementor-section-height-default elementor-section-height-default\" data-id=\"c917886\" data-element_type=\"section\">\n\t\t\t\t\t\t<div class=\"elementor-container elementor-column-gap-default\">\n\t\t\t\t\t<div class=\"elementor-column elementor-col-100 elementor-inner-column elementor-element elementor-element-707cfaa\" data-id=\"707cfaa\" data-element_type=\"column\">\n\t\t\t<div class=\"elementor-widget-wrap elementor-element-populated\">\n\t\t\t\t\t\t\t\t<div class=\"elementor-element elementor-element-9d742e4 elementor-widget elementor-widget-hub_fancy_heading\" data-id=\"9d742e4\" data-element_type=\"widget\" data-widget_type=\"hub_fancy_heading.default\">\n\t\t\t\t<div class=\"elementor-widget-container\">\n\t\t\t\n\t\t<div id=\"ld-fancy-heading-69e616046fcd5\" class=\"ld-fancy-heading pos-rel\">\n\t\t\t<h1 class=\"ld-fh-element d-inline-block pos-rel elementor-heading-title lqd-highlight-classic lqd-highlight-grow-left h1\"  > Rhinoplastie<\/h1>\t\t<\/div>\n\n\t\t\t\t<\/div>\n\t\t\t\t<\/div>\n\t\t\t\t<div class=\"elementor-element elementor-element-3e545e5 elementor-widget elementor-widget-spacer\" data-id=\"3e545e5\" data-element_type=\"widget\" data-widget_type=\"spacer.default\">\n\t\t\t\t<div class=\"elementor-widget-container\">\n\t\t\t<style>\/*! elementor - v3.6.7 - 03-07-2022 *\/\n.e-container.e-container--row .elementor-spacer-inner{width:var(--spacer-size)}.e-container.e-container--column .elementor-spacer-inner,.elementor-column .elementor-spacer-inner{height:var(--spacer-size)}<\/style>\t\t<div class=\"elementor-spacer\">\n\t\t\t<div class=\"elementor-spacer-inner\"><\/div>\n\t\t<\/div>\n\t\t\t\t<\/div>\n\t\t\t\t<\/div>\n\t\t\t\t<div class=\"elementor-element elementor-element-66a9c51 elementor-widget__width-auto elementor-widget elementor-widget-ld_breadcrumb\" data-id=\"66a9c51\" data-element_type=\"widget\" data-widget_type=\"ld_breadcrumb.default\">\n\t\t\t\t<div class=\"elementor-widget-container\">\n\t\t\t<div class=\"lqd-breadcrumb-wrapper\"><nav role=\"navigation\" aria-label=\"Breadcrumbs\" class=\"breadcrumbs\"><ol class=\"breadcrumb reset-ul inline-nav inline-ul comma-sep-li\"><li class=\"breadcrumb-item active\"><a href=\"https:\/\/surgistclinic.com\/fr\" rel=\"home\"><span>Anasayfa<\/span><\/a><\/li><\/ol><\/nav><\/div>\t\t<\/div>\n\t\t\t\t<\/div>\n\t\t\t\t\t<\/div>\n\t\t<\/div>\n\t\t\t\t\t\t\t<\/div>\n\t\t<\/section>\n\t\t\t\t\t<\/div>\n\t\t<\/div>\n\t\t\t\t\t\t\t<\/div>\n\t\t<\/section>\n\t\t\t\t<section class=\"elementor-section elementor-top-section elementor-element elementor-element-cc40346 elementor-section-boxed elementor-section-height-default elementor-section-height-default\" data-id=\"cc40346\" data-element_type=\"section\">\n\t\t\t\t\t\t<div class=\"elementor-container elementor-column-gap-default\">\n\t\t\t\t\t<div class=\"elementor-column elementor-col-50 elementor-top-column elementor-element elementor-element-060f131\" data-id=\"060f131\" data-element_type=\"column\">\n\t\t\t<div class=\"elementor-widget-wrap elementor-element-populated\">\n\t\t\t\t\t\t\t\t<div class=\"elementor-element elementor-element-3e982a6 elementor-widget elementor-widget-text-editor\" data-id=\"3e982a6\" data-element_type=\"widget\" data-widget_type=\"text-editor.default\">\n\t\t\t\t<div class=\"elementor-widget-container\">\n\t\t\t<style>\/*! elementor - v3.6.7 - 03-07-2022 *\/\n.elementor-widget-text-editor.elementor-drop-cap-view-stacked .elementor-drop-cap{background-color:#818a91;color:#fff}.elementor-widget-text-editor.elementor-drop-cap-view-framed .elementor-drop-cap{color:#818a91;border:3px solid;background-color:transparent}.elementor-widget-text-editor:not(.elementor-drop-cap-view-default) .elementor-drop-cap{margin-top:8px}.elementor-widget-text-editor:not(.elementor-drop-cap-view-default) .elementor-drop-cap-letter{width:1em;height:1em}.elementor-widget-text-editor .elementor-drop-cap{float:left;text-align:center;line-height:1;font-size:50px}.elementor-widget-text-editor .elementor-drop-cap-letter{display:inline-block}<\/style>\t\t\t\t<p>La rhinoplastie est une intervention chirurgicale appliqu\u00e9e pour corriger la d\u00e9formation, le dysfonctionnement de la forme, du squelette et des tissus mous de votre nez ou pour le remodeler afin de le rendre plus esth\u00e9tique. Gr\u00e2ce \u00e0 la rhinoplastie, la taille de votre nez peut \u00eatre modifi\u00e9e, sa courbure peut \u00eatre corrig\u00e9e, les narines peuvent \u00eatre r\u00e9tr\u00e9cies, l\u2019angle entre les l\u00e8vres et le nez peut \u00eatre corrig\u00e9, le bout du nez peut \u00eatre relev\u00e9 et sa forme peut \u00eatre modifi\u00e9e . Toutes ces interventions \u00e0 r\u00e9aliser sur votre nez ont pour but d\u2019adapter la forme de votre nez \u00e0 la structure de votre visage et de corriger durablement les d\u00e9fauts de votre nez. Avec la rhinoplastie, si n\u00e9cessaire, les d\u00e9fauts structurels de votre nez qui rendent la respiration difficile sont corrig\u00e9s et les voies respiratoires sont ouvertes. La chirurgie de rhinoplastie est d\u00e9finitivement une op\u00e9ration o\u00f9 la science et l\u2019art se rencontrent.<\/p><p><strong>Vais-je ressentir de la douleur lors d\u2019une chirurgie de rhinoplastie?<\/strong><\/p><p>Vous ne pourrez ressentir aucune douleur sous l\u2019effet de l\u2019anesth\u00e9sie pendant la chirurgie de rhinoplastie. Apr\u00e8s l\u2019op\u00e9ration, tous les patients re\u00e7oivent des analg\u00e9siques pendant quelques jours. Vous pourriez avoir des difficult\u00e9s \u00e0 respirer la premi\u00e8re nuit apr\u00e8s la chirurgie. Cependant, vous pourrez respirer plus facilement apr\u00e8s le retrait des pansements intranasaux que nous avons plac\u00e9s sur votre nez. Les pansements intranasaux peuvent \u00eatre retir\u00e9s le lendemain de la chirurgie. Pass\u00e9 ce d\u00e9lai, vous n\u2019aurez plus aucune douleur ni aucun probl\u00e8me.<\/p><p><strong>A quel \u00e2ge doit-on pratiquer la rhinoplastie ?<\/strong><\/p><p>La chirurgie esth\u00e9tique du nez a une limite d\u2019\u00e2ge inf\u00e9rieure. Cette limite est de 17 ans pour les femmes et de 18 ans pour les hommes. Il n\u2019y a pas de limite d\u2019\u00e2ge sup\u00e9rieure pour la chirurgie de rhinoplastie. S\u2019il existe une obstruction nasale grave chez les enfants et que cette situation nuit au d\u00e9veloppement de votre enfant, une intervention chirurgicale peut \u00eatre effectu\u00e9e \u00e0 un \u00e2ge pr\u00e9coce.<\/p><p><strong>Puis-je faire corriger mon probl\u00e8me respiratoire et faire une esth\u00e9tique du nez pendant la rhinoplastie ?<\/strong><\/p><p>Oui, vous pouvez corriger votre probl\u00e8me respiratoire et corriger visuellement la forme de votre nez lors de votre chirurgie du nez. Tout en respirant confortablement, vous pouvez donner \u00e0 votre nez une forme adapt\u00e9e \u00e0 votre visage.<\/p><p><strong>Y aura-t-il des cicatrices sur mon nez apr\u00e8s une rhinoplastie ?<\/strong><\/p><p>Vous savez que m\u00eame toute coupure faite sur la peau laisse une cicatrice. Mais ces gros points de suture qui viennent \u00e0 l\u2019esprit quand on pense aux cicatrices chirurgicales ne seront pas dans la rhinoplastie. Parce que chaque incision et chaque point de suture ouverts lors des op\u00e9rations de rhinoplastie seront r\u00e9alis\u00e9s avec beaucoup de soin et ne seront pas visibles \u00e0 l\u2019\u0153il nu.<\/p><p>La chirurgie esth\u00e9tique du nez est r\u00e9alis\u00e9e de deux mani\u00e8res, ouverte et ferm\u00e9e. Dans l\u2019op\u00e9ration ferm\u00e9e, les incisions ne seront pas visibles car elles resteront \u00e0 l\u2019int\u00e9rieur de votre nez.<\/p><p>Dans l\u2019op\u00e9ration nez ouvert, une petite cicatrice restera \u00e0 la base du nez. En cas d\u2019op\u00e9ration ouverte, les patients seront inform\u00e9s \u00e0 l\u2019avance.<\/p><p><strong>Puis-je reprendre une vie normale imm\u00e9diatement apr\u00e8s la rhinoplastie ?<\/strong><\/p><p>Vous pouvez rentrer chez vous juste apr\u00e8s la chirurgie du nez et continuer votre vie normale. Apr\u00e8s l\u2019op\u00e9ration, vous pouvez respirer facilement gr\u00e2ce au silicone fin que nous pla\u00e7ons dans votre nez. Apr\u00e8s l\u2019op\u00e9ration de rhinoplastie, vous pouvez rester sous notre surveillance pendant une heure puis rentrer chez vous avec votre accompagnateur. Cependant, nous vous recommandons de rester sous notre surveillance \u00e0 l\u2019h\u00f4pital pendant un jour apr\u00e8s l\u2019op\u00e9ration.<\/p>\t\t\t\t\t\t<\/div>\n\t\t\t\t<\/div>\n\t\t\t\t\t<\/div>\n\t\t<\/div>\n\t\t\t\t<div class=\"lqd-css-sticky-column elementor-column elementor-col-50 elementor-top-column elementor-element elementor-element-41946f7\" style=\"--lqd-sticky-offset:0px\" data-id=\"41946f7\" data-element_type=\"column\" data-settings=\"{&quot;background_background&quot;:&quot;classic&quot;}\">\n\t\t\t<div class=\"elementor-widget-wrap elementor-element-populated\">\n\t\t\t\t\t\t\t\t<section class=\"elementor-section elementor-inner-section elementor-element elementor-element-778339c elementor-section-boxed elementor-section-height-default elementor-section-height-default\" data-id=\"778339c\" data-element_type=\"section\" data-settings=\"{&quot;background_background&quot;:&quot;classic&quot;}\">\n\t\t\t\t\t\t<div class=\"elementor-container elementor-column-gap-default\">\n\t\t\t\t\t<div class=\"elementor-column elementor-col-100 elementor-inner-column elementor-element elementor-element-cbcf422\" data-id=\"cbcf422\" data-element_type=\"column\">\n\t\t\t<div class=\"elementor-widget-wrap elementor-element-populated\">\n\t\t\t\t\t\t\t\t<div class=\"elementor-element elementor-element-cf4de68 elementor-widget elementor-widget-hub_fancy_heading\" data-id=\"cf4de68\" data-element_type=\"widget\" data-widget_type=\"hub_fancy_heading.default\">\n\t\t\t\t<div class=\"elementor-widget-container\">\n\t\t\t\n\t\t<div id=\"ld-fancy-heading-69e61604739cd\" class=\"ld-fancy-heading pos-rel\">\n\t\t\t<h6 class=\"ld-fh-element d-inline-block pos-rel elementor-heading-title lqd-highlight-classic lqd-highlight-grow-left h6\"  data-text-rotator=\"true\" > OBTENIR<\/h6>\t\t<\/div>\n\n\t\t\t\t<\/div>\n\t\t\t\t<\/div>\n\t\t\t\t<div class=\"elementor-element elementor-element-93b3ab6 elementor-widget elementor-widget-hub_fancy_heading\" data-id=\"93b3ab6\" data-element_type=\"widget\" data-widget_type=\"hub_fancy_heading.default\">\n\t\t\t\t<div class=\"elementor-widget-container\">\n\t\t\t\n\t\t<div id=\"ld-fancy-heading-69e61604741ee\" class=\"ld-fancy-heading pos-rel\">\n\t\t\t<h6 class=\"ld-fh-element d-inline-block pos-rel elementor-heading-title lqd-highlight-classic lqd-highlight-grow-left h6\"  data-text-rotator=\"true\" > DES INFORMATIONS<\/h6>\t\t<\/div>\n\n\t\t\t\t<\/div>\n\t\t\t\t<\/div>\n\t\t\t\t<div class=\"elementor-element elementor-element-10a4918 elementor-widget elementor-widget-spacer\" data-id=\"10a4918\" data-element_type=\"widget\" data-widget_type=\"spacer.default\">\n\t\t\t\t<div class=\"elementor-widget-container\">\n\t\t\t\t\t<div class=\"elementor-spacer\">\n\t\t\t<div class=\"elementor-spacer-inner\"><\/div>\n\t\t<\/div>\n\t\t\t\t<\/div>\n\t\t\t\t<\/div>\n\t\t\t\t<div class=\"elementor-element elementor-element-84c854c elementor-widget elementor-widget-ld_cf722\" data-id=\"84c854c\" data-element_type=\"widget\" data-widget_type=\"ld_cf722.default\">\n\t\t\t\t<div class=\"elementor-widget-container\">\n\t\t\t\n\t<div class=\"lqd-contact-form lqd-contact-form-button-block\" >\n\t\t\n<div class=\"wpcf7 no-js\" id=\"wpcf7-f6-o1\" lang=\"tr-TR\" dir=\"ltr\">\n<div class=\"screen-reader-response\"><p role=\"status\" aria-live=\"polite\" aria-atomic=\"true\"><\/p> <ul><\/ul><\/div>\n<form action=\"\/fr\/wp-json\/wp\/v2\/pages\/1704#wpcf7-f6-o1\" method=\"post\" class=\"wpcf7-form init\" aria-label=\"Contact form\" novalidate=\"novalidate\" data-status=\"init\">\n<div style=\"display: none;\">\n<input type=\"hidden\" name=\"_wpcf7\" value=\"6\" \/>\n<input type=\"hidden\" name=\"_wpcf7_version\" value=\"5.7.5.1\" \/>\n<input type=\"hidden\" name=\"_wpcf7_locale\" value=\"tr_TR\" \/>\n<input type=\"hidden\" name=\"_wpcf7_unit_tag\" value=\"wpcf7-f6-o1\" \/>\n<input type=\"hidden\" name=\"_wpcf7_container_post\" value=\"0\" \/>\n<input type=\"hidden\" name=\"_wpcf7_posted_data_hash\" value=\"\" \/>\n<\/div>\n<div class=\"row\">\n\t<div class=\"col-md-12\">\n\t\t<p><span class=\"wpcf7-form-control-wrap\" data-name=\"adi\"><input size=\"40\" class=\"wpcf7-form-control wpcf7-text wpcf7-validates-as-required\" aria-required=\"true\" aria-invalid=\"false\" placeholder=\"Votre nom\" value=\"\" type=\"text\" name=\"adi\" \/><\/span><i class=\"lqd-icn-ess icon-lqd-user\"><\/i>\n\t\t<\/p>\n\t<\/div>\n\t<div class=\"col-md-12\">\n\t\t<p><span class=\"wpcf7-form-control-wrap\" data-name=\"tel\"><input size=\"40\" class=\"wpcf7-form-control wpcf7-text wpcf7-validates-as-required\" aria-required=\"true\" aria-invalid=\"false\" placeholder=\"Num\u00e9ro de t\u00e9l\u00e9phone\" value=\"\" type=\"text\" name=\"tel\" \/><\/span><i aria-hidden=\"true\" class=\"fas fa-mobile-alt\"><\/i>\n\t\t<\/p>\n\t<\/div>\n\t<div class=\"col-md-12\">\n\t\t<p><span class=\"wpcf7-form-control-wrap\" data-name=\"tedavi\"><select class=\"wpcf7-form-control wpcf7-select wpcf7-validates-as-required\" aria-required=\"true\" aria-invalid=\"false\" name=\"tedavi\"><option value=\"Choisir le traitement\">Choisir le traitement<\/option><option value=\"Greffe de cheveux\">Greffe de cheveux<\/option><option value=\"Chirurgie esth\u00e9tique\">Chirurgie esth\u00e9tique<\/option><option value=\"Dentaire\">Dentaire<\/option><option value=\"Ob\u00e9sit\u00e9\">Ob\u00e9sit\u00e9<\/option><\/select><\/span>\n\t\t<\/p>\n\t<\/div>\n\t<div class=\"col-md-12\">\n\t\t<p><span class=\"wpcf7-form-control-wrap\" data-name=\"mesaj\"><textarea cols=\"40\" rows=\"2\" class=\"wpcf7-form-control wpcf7-textarea\" aria-invalid=\"false\" placeholder=\"Message\" name=\"mesaj\"><\/textarea><\/span><i aria-hidden=\"true\" class=\"far fa-comment-alt\"><\/i>\n\t\t<\/p>\n\t<\/div>\n\t<div class=\"col-md-12\">\n\t\t<p><input class=\"wpcf7-form-control has-spinner wpcf7-submit\" type=\"submit\" value=\"Soumettre le Formulaire\" \/>\n\t\t<\/p>\n\t<\/div>\n<\/div><div class=\"wpcf7-response-output\" aria-hidden=\"true\"><\/div>\n<\/form>\n<\/div>\n\t<\/div>\n\n\t\t\t<\/div>\n\t\t\t\t<\/div>\n\t\t\t\t\t<\/div>\n\t\t<\/div>\n\t\t\t\t\t\t\t<\/div>\n\t\t<\/section>\n\t\t\t\t<section class=\"elementor-section elementor-inner-section elementor-element elementor-element-23e9cb0 elementor-section-boxed elementor-section-height-default elementor-section-height-default\" data-id=\"23e9cb0\" data-element_type=\"section\" data-settings=\"{&quot;background_background&quot;:&quot;classic&quot;}\">\n\t\t\t\t\t\t<div class=\"elementor-container elementor-column-gap-default\">\n\t\t\t\t\t<div class=\"elementor-column elementor-col-100 elementor-inner-column elementor-element elementor-element-ad99a57\" data-id=\"ad99a57\" data-element_type=\"column\">\n\t\t\t<div class=\"elementor-widget-wrap elementor-element-populated\">\n\t\t\t\t\t\t\t\t<div class=\"elementor-element elementor-element-5344b1b elementor-widget elementor-widget-hub_fancy_heading\" data-id=\"5344b1b\" data-element_type=\"widget\" data-widget_type=\"hub_fancy_heading.default\">\n\t\t\t\t<div class=\"elementor-widget-container\">\n\t\t\t\n\t\t<div id=\"ld-fancy-heading-69e6160476d84\" class=\"ld-fancy-heading pos-rel\">\n\t\t\t<h6 class=\"ld-fh-element d-inline-block pos-rel elementor-heading-title lqd-highlight-classic lqd-highlight-grow-left h6\"  data-text-rotator=\"true\" > EsthEtIque VIsage<\/h6>\t\t<\/div>\n\n\t\t\t\t<\/div>\n\t\t\t\t<\/div>\n\t\t\t\t<div class=\"elementor-element elementor-element-27d541b elementor-widget elementor-widget-hub_fancy_heading\" data-id=\"27d541b\" data-element_type=\"widget\" data-widget_type=\"hub_fancy_heading.default\">\n\t\t\t\t<div class=\"elementor-widget-container\">\n\t\t\t\n\t\t<div id=\"ld-fancy-heading-69e6160483453\" class=\"ld-fancy-heading pos-rel\">\n\t\t\t<h6 class=\"ld-fh-element d-inline-block pos-rel elementor-heading-title lqd-highlight-classic lqd-highlight-grow-left h6\"  data-text-rotator=\"true\" > TRAITEMENTS<\/h6>\t\t<\/div>\n\n\t\t\t\t<\/div>\n\t\t\t\t<\/div>\n\t\t\t\t<div class=\"elementor-element elementor-element-0a9302f elementor-widget elementor-widget-spacer\" data-id=\"0a9302f\" data-element_type=\"widget\" data-widget_type=\"spacer.default\">\n\t\t\t\t<div class=\"elementor-widget-container\">\n\t\t\t\t\t<div class=\"elementor-spacer\">\n\t\t\t<div class=\"elementor-spacer-inner\"><\/div>\n\t\t<\/div>\n\t\t\t\t<\/div>\n\t\t\t\t<\/div>\n\t\t\t\t<div class=\"elementor-element elementor-element-5e876ce elementor-icon-list--layout-traditional elementor-list-item-link-full_width elementor-widget elementor-widget-icon-list\" data-id=\"5e876ce\" data-element_type=\"widget\" data-widget_type=\"icon-list.default\">\n\t\t\t\t<div class=\"elementor-widget-container\">\n\t\t\t<link rel=\"stylesheet\" href=\"https:\/\/surgistclinic.com\/fr\/wp-content\/plugins\/elementor\/assets\/css\/widget-icon-list.min.css\">\t\t<ul class=\"elementor-icon-list-items\">\n\t\t\t\t\t\t\t<li class=\"elementor-icon-list-item\">\n\t\t\t\t\t\t\t\t\t\t\t<a href=\"https:\/\/surgistclinic.com\/fr\/rhinoplastie\/\">\n\n\t\t\t\t\t\t\t\t\t\t\t\t<span class=\"elementor-icon-list-icon\">\n\t\t\t\t\t\t\t<i aria-hidden=\"true\" class=\"lqd-icn-ess icon-md-arrow-round-forward-2\"><\/i>\t\t\t\t\t\t<\/span>\n\t\t\t\t\t\t\t\t\t\t<span class=\"elementor-icon-list-text\">Rhinoplastie<\/span>\n\t\t\t\t\t\t\t\t\t\t\t<\/a>\n\t\t\t\t\t\t\t\t\t<\/li>\n\t\t\t\t\t\t\t\t<li class=\"elementor-icon-list-item\">\n\t\t\t\t\t\t\t\t\t\t\t<a href=\"https:\/\/surgistclinic.com\/fr\/lifting-du-visage\/\">\n\n\t\t\t\t\t\t\t\t\t\t\t\t<span class=\"elementor-icon-list-icon\">\n\t\t\t\t\t\t\t<i aria-hidden=\"true\" class=\"lqd-icn-ess icon-md-arrow-round-forward-2\"><\/i>\t\t\t\t\t\t<\/span>\n\t\t\t\t\t\t\t\t\t\t<span class=\"elementor-icon-list-text\">Lifting du Visage<\/span>\n\t\t\t\t\t\t\t\t\t\t\t<\/a>\n\t\t\t\t\t\t\t\t\t<\/li>\n\t\t\t\t\t\t\t\t<li class=\"elementor-icon-list-item\">\n\t\t\t\t\t\t\t\t\t\t\t<a href=\"https:\/\/surgistclinic.com\/fr\/esthetique-des-paupieres\/\">\n\n\t\t\t\t\t\t\t\t\t\t\t\t<span class=\"elementor-icon-list-icon\">\n\t\t\t\t\t\t\t<i aria-hidden=\"true\" class=\"lqd-icn-ess icon-md-arrow-round-forward-2\"><\/i>\t\t\t\t\t\t<\/span>\n\t\t\t\t\t\t\t\t\t\t<span class=\"elementor-icon-list-text\">Esth\u00e9tique Des Paupi\u00e8res<\/span>\n\t\t\t\t\t\t\t\t\t\t\t<\/a>\n\t\t\t\t\t\t\t\t\t<\/li>\n\t\t\t\t\t\t\t\t<li class=\"elementor-icon-list-item\">\n\t\t\t\t\t\t\t\t\t\t\t<a href=\"https:\/\/surgistclinic.com\/fr\/esthetique-de-loreille\/\">\n\n\t\t\t\t\t\t\t\t\t\t\t\t<span class=\"elementor-icon-list-icon\">\n\t\t\t\t\t\t\t<i aria-hidden=\"true\" class=\"lqd-icn-ess icon-md-arrow-round-forward-2\"><\/i>\t\t\t\t\t\t<\/span>\n\t\t\t\t\t\t\t\t\t\t<span class=\"elementor-icon-list-text\">Esth\u00e9tique de L'oreille<\/span>\n\t\t\t\t\t\t\t\t\t\t\t<\/a>\n\t\t\t\t\t\t\t\t\t<\/li>\n\t\t\t\t\t\t\t\t<li class=\"elementor-icon-list-item\">\n\t\t\t\t\t\t\t\t\t\t\t<a href=\"https:\/\/surgistclinic.com\/fr\/lifting-des-sourcils\/\">\n\n\t\t\t\t\t\t\t\t\t\t\t\t<span class=\"elementor-icon-list-icon\">\n\t\t\t\t\t\t\t<i aria-hidden=\"true\" class=\"lqd-icn-ess icon-md-arrow-round-forward-2\"><\/i>\t\t\t\t\t\t<\/span>\n\t\t\t\t\t\t\t\t\t\t<span class=\"elementor-icon-list-text\">Lifting Des Sourcils<\/span>\n\t\t\t\t\t\t\t\t\t\t\t<\/a>\n\t\t\t\t\t\t\t\t\t<\/li>\n\t\t\t\t\t\t<\/ul>\n\t\t\t\t<\/div>\n\t\t\t\t<\/div>\n\t\t\t\t\t<\/div>\n\t\t<\/div>\n\t\t\t\t\t\t\t<\/div>\n\t\t<\/section>\n\t\t\t\t\t<\/div>\n\t\t<\/div>\n\t\t\t\t\t\t\t<\/div>\n\t\t<\/section>\n\t\t\t\t\t\t\t<\/div>\n\t\t","protected":false},"excerpt":{"rendered":"<p>Rhinoplastie Anasayfa La rhinoplastie est une intervention chirurgicale appliqu\u00e9e pour corriger la d\u00e9formation, le dysfonctionnement de la forme, du squelette et des tissus mous de votre nez ou pour le remodeler afin de le rendre plus esth\u00e9tique. Gr\u00e2ce \u00e0 la rhinoplastie, la taille de votre nez peut \u00eatre modifi\u00e9e, sa courbure peut \u00eatre corrig\u00e9e, les [&hellip;]<\/p>\n","protected":false},"author":1,"featured_media":0,"parent":0,"menu_order":0,"comment_status":"closed","ping_status":"closed","template":"","meta":{"footnotes":""},"class_list":["post-1704","page","type-page","status-publish","hentry"],"_links":{"self":[{"href":"https:\/\/surgistclinic.com\/fr\/wp-json\/wp\/v2\/pages\/1704","targetHints":{"allow":["GET"]}}],"collection":[{"href":"https:\/\/surgistclinic.com\/fr\/wp-json\/wp\/v2\/pages"}],"about":[{"href":"https:\/\/surgistclinic.com\/fr\/wp-json\/wp\/v2\/types\/page"}],"author":[{"embeddable":true,"href":"https:\/\/surgistclinic.com\/fr\/wp-json\/wp\/v2\/users\/1"}],"replies":[{"embeddable":true,"href":"https:\/\/surgistclinic.com\/fr\/wp-json\/wp\/v2\/comments?post=1704"}],"version-history":[{"count":287,"href":"https:\/\/surgistclinic.com\/fr\/wp-json\/wp\/v2\/pages\/1704\/revisions"}],"predecessor-version":[{"id":5918,"href":"https:\/\/surgistclinic.com\/fr\/wp-json\/wp\/v2\/pages\/1704\/revisions\/5918"}],"wp:attachment":[{"href":"https:\/\/surgistclinic.com\/fr\/wp-json\/wp\/v2\/media?parent=1704"}],"curies":[{"name":"wp","href":"https:\/\/api.w.org\/{rel}","templated":true}]}}