{"id":3316,"date":"2022-10-20T10:00:33","date_gmt":"2022-10-20T07:00:33","guid":{"rendered":"https:\/\/surgistclinic.com\/it\/?page_id=3316"},"modified":"2023-04-28T13:56:43","modified_gmt":"2023-04-28T10:56:43","slug":"blog","status":"publish","type":"page","link":"https:\/\/surgistclinic.com\/it\/blog\/","title":{"rendered":"Blog"},"content":{"rendered":"\t\t<div data-elementor-type=\"wp-page\" data-elementor-id=\"3316\" class=\"elementor elementor-3316\">\n\t\t\t\t\t\t\t\t\t<section class=\"elementor-section elementor-top-section elementor-element elementor-element-67148d0 elementor-section-boxed elementor-section-height-default elementor-section-height-default\" data-id=\"67148d0\" data-element_type=\"section\" data-settings=\"{&quot;background_background&quot;:&quot;classic&quot;}\">\n\t\t\t\t\t\t<div class=\"elementor-container elementor-column-gap-default\">\n\t\t\t\t\t<div class=\"elementor-column elementor-col-100 elementor-top-column elementor-element elementor-element-e8510b5\" data-id=\"e8510b5\" data-element_type=\"column\">\n\t\t\t<div class=\"elementor-widget-wrap elementor-element-populated\">\n\t\t\t\t\t\t\t\t<section class=\"elementor-section elementor-inner-section elementor-element elementor-element-f3751cf elementor-section-boxed elementor-section-height-default elementor-section-height-default\" data-id=\"f3751cf\" data-element_type=\"section\">\n\t\t\t\t\t\t<div class=\"elementor-container elementor-column-gap-default\">\n\t\t\t\t\t<div class=\"elementor-column elementor-col-100 elementor-inner-column elementor-element elementor-element-8e48572\" data-id=\"8e48572\" data-element_type=\"column\">\n\t\t\t<div class=\"elementor-widget-wrap elementor-element-populated\">\n\t\t\t\t\t\t\t\t<div class=\"elementor-element elementor-element-41ac347 elementor-widget elementor-widget-hub_fancy_heading\" data-id=\"41ac347\" data-element_type=\"widget\" data-widget_type=\"hub_fancy_heading.default\">\n\t\t\t\t<div class=\"elementor-widget-container\">\n\t\t\t\n\t\t<div id=\"ld-fancy-heading-69e61291edc07\" class=\"ld-fancy-heading pos-rel\">\n\t\t\t<h1 class=\"ld-fh-element d-inline-block pos-rel elementor-heading-title lqd-highlight-classic lqd-highlight-grow-left h1\"  > Blog<\/h1>\t\t<\/div>\n\n\t\t\t\t<\/div>\n\t\t\t\t<\/div>\n\t\t\t\t<div class=\"elementor-element elementor-element-fba3e26 elementor-widget elementor-widget-spacer\" data-id=\"fba3e26\" data-element_type=\"widget\" data-widget_type=\"spacer.default\">\n\t\t\t\t<div class=\"elementor-widget-container\">\n\t\t\t<style>\/*! elementor - v3.6.7 - 03-07-2022 *\/\n.e-container.e-container--row .elementor-spacer-inner{width:var(--spacer-size)}.e-container.e-container--column .elementor-spacer-inner,.elementor-column .elementor-spacer-inner{height:var(--spacer-size)}<\/style>\t\t<div class=\"elementor-spacer\">\n\t\t\t<div class=\"elementor-spacer-inner\"><\/div>\n\t\t<\/div>\n\t\t\t\t<\/div>\n\t\t\t\t<\/div>\n\t\t\t\t<div class=\"elementor-element elementor-element-ff14da8 elementor-widget__width-auto elementor-widget elementor-widget-ld_breadcrumb\" data-id=\"ff14da8\" data-element_type=\"widget\" data-widget_type=\"ld_breadcrumb.default\">\n\t\t\t\t<div class=\"elementor-widget-container\">\n\t\t\t<div class=\"lqd-breadcrumb-wrapper\"><nav role=\"navigation\" aria-label=\"Breadcrumbs\" class=\"breadcrumbs\"><ol class=\"breadcrumb reset-ul inline-nav inline-ul comma-sep-li\"><li class=\"breadcrumb-item active\"><a href=\"https:\/\/surgistclinic.com\/it\" rel=\"home\"><span>Anasayfa<\/span><\/a><\/li><\/ol><\/nav><\/div>\t\t<\/div>\n\t\t\t\t<\/div>\n\t\t\t\t\t<\/div>\n\t\t<\/div>\n\t\t\t\t\t\t\t<\/div>\n\t\t<\/section>\n\t\t\t\t\t<\/div>\n\t\t<\/div>\n\t\t\t\t\t\t\t<\/div>\n\t\t<\/section>\n\t\t\t\t<section class=\"elementor-section elementor-top-section elementor-element elementor-element-7d2c1e8 elementor-section-boxed elementor-section-height-default elementor-section-height-default\" data-id=\"7d2c1e8\" data-element_type=\"section\" data-settings=\"{&quot;background_background&quot;:&quot;classic&quot;}\">\n\t\t\t\t\t\t<div class=\"elementor-container elementor-column-gap-default\">\n\t\t\t\t\t<div class=\"elementor-column elementor-col-100 elementor-top-column elementor-element elementor-element-68f8e42\" data-id=\"68f8e42\" data-element_type=\"column\">\n\t\t\t<div class=\"elementor-widget-wrap elementor-element-populated\">\n\t\t\t\t\t\t\t\t<div class=\"elementor-element elementor-element-8f97b47 elementor-widget elementor-widget-ld_blog\" data-id=\"8f97b47\" data-element_type=\"widget\" data-widget_type=\"ld_blog.default\">\n\t\t\t\t<div class=\"elementor-widget-container\">\n\t\t\t<div class=\"lqd-lp-grid 8f97b47 blog-id-150567751 \"><div class=\"lqd-lp-row row pos-rel d-flex flex-wrap\" ><div class=\"lqd-lp-column d-flex flex-column col-md-4 col-sm-6 blog\"><article id=\"post-2710\" class=\"lqd-lp pos-rel lqd-lp lqd-lp-style-16 text-start post-2710 post type-post status-publish format-standard has-post-thumbnail hentry category-blog\">\n\n<div class=\"lqd-lp-img border-radius-4 overflow-hidden pos-rel mb-5\">\n\t<figure class=\"pos-rel bg-cover bg-center w-100\"><img decoding=\"async\" width=\"720\" height=\"400\" src=\"https:\/\/surgistclinic.com\/it\/wp-content\/uploads\/2022\/10\/surgist-burun-estetigi-blog-1-720x400.jpg\" class=\"w-100 wp-post-image\" alt=\"\" srcset=\"https:\/\/surgistclinic.com\/it\/wp-content\/uploads\/2022\/10\/surgist-burun-estetigi-blog-1-720x400.jpg 720w, https:\/\/surgistclinic.com\/it\/wp-content\/uploads\/2022\/10\/surgist-burun-estetigi-blog-1-300x167.jpg 300w, https:\/\/surgistclinic.com\/it\/wp-content\/uploads\/2022\/10\/surgist-burun-estetigi-blog-1-1024x569.jpg 1024w, https:\/\/surgistclinic.com\/it\/wp-content\/uploads\/2022\/10\/surgist-burun-estetigi-blog-1.jpg 1390w\" sizes=\"(max-width: 720px) 100vw, 720px\" itemprop=\"image\" \/><\/figure><\/div>\n\n<header class=\"lqd-lp-header mb-3\">\n\t<h2 class=\"entry-title lqd-lp-title h5 m-0\"><a  href=\"https:\/\/surgistclinic.com\/it\/estetica-del-naso-e-cosa-sperimentare-nel-processo-di-recupero.html\/\" rel=\"bookmark\">Estetica del naso e cosa sperimentare nel processo di recupero<\/a><\/h2><\/header>\n\n\t\t\t<div class=\"lqd-lp-excerpt mb-3\">\n\t\t\t\t<p>Gli interventi di rinoplastica sono generalmente associati a dolore post-procedurale.<\/p>\n\t\t\t<\/div>\n\t\t\n\n<a  href=\"https:\/\/surgistclinic.com\/it\/estetica-del-naso-e-cosa-sperimentare-nel-processo-di-recupero.html\/\" class=\"lqd-lp-overlay-link lqd-overlay z-index-2\"><\/a>\n<\/article><\/div><div class=\"lqd-lp-column d-flex flex-column col-md-4 col-sm-6 blog\"><article id=\"post-2709\" class=\"lqd-lp pos-rel lqd-lp lqd-lp-style-16 text-start post-2709 post type-post status-publish format-standard has-post-thumbnail hentry category-blog\">\n\n<div class=\"lqd-lp-img border-radius-4 overflow-hidden pos-rel mb-5\">\n\t<figure class=\"pos-rel bg-cover bg-center w-100\"><img decoding=\"async\" width=\"720\" height=\"400\" src=\"data:image\/svg+xml,%3Csvg xmlns=&#039;http:\/\/www.w3.org\/2000\/svg&#039; viewBox=&#039;0 0  &#039;%3E%3C\/svg%3E\" class=\"w-100 ld-lazyload wp-post-image\" alt=\"\" itemprop=\"image\" data-src=\"https:\/\/surgistclinic.com\/it\/wp-content\/uploads\/2022\/10\/liposuction-nedir-1-720x400.jpg\" data-srcset=\"https:\/\/surgistclinic.com\/it\/wp-content\/uploads\/2022\/10\/liposuction-nedir-1-720x400.jpg 720w, https:\/\/surgistclinic.com\/it\/wp-content\/uploads\/2022\/10\/liposuction-nedir-1-300x167.jpg 300w, https:\/\/surgistclinic.com\/it\/wp-content\/uploads\/2022\/10\/liposuction-nedir-1-1024x569.jpg 1024w, https:\/\/surgistclinic.com\/it\/wp-content\/uploads\/2022\/10\/liposuction-nedir-1.jpg 1390w\" data-sizes=\"(max-width: 720px) 100vw, 720px\" data-aspect=\"\" \/><\/figure><\/div>\n\n<header class=\"lqd-lp-header mb-3\">\n\t<h2 class=\"entry-title lqd-lp-title h5 m-0\"><a  href=\"https:\/\/surgistclinic.com\/it\/cose-la-liposuzione-perche-e-preferito.html\/\" rel=\"bookmark\">Cos&#8217;\u00e8 la liposuzione? Perch\u00e9 \u00e8 preferito?<\/a><\/h2><\/header>\n\n\t\t\t<div class=\"lqd-lp-excerpt mb-3\">\n\t\t\t\t<p>Dimagrimento regionale, senza problemi di peso come l&#8217;obesit\u00e0&#8230;<\/p>\n\t\t\t<\/div>\n\t\t\n\n<a  href=\"https:\/\/surgistclinic.com\/it\/cose-la-liposuzione-perche-e-preferito.html\/\" class=\"lqd-lp-overlay-link lqd-overlay z-index-2\"><\/a>\n<\/article><\/div><div class=\"lqd-lp-column d-flex flex-column col-md-4 col-sm-6 blog\"><article id=\"post-2691\" class=\"lqd-lp pos-rel lqd-lp lqd-lp-style-16 text-start post-2691 post type-post status-publish format-standard has-post-thumbnail hentry category-blog\">\n\n<div class=\"lqd-lp-img border-radius-4 overflow-hidden pos-rel mb-5\">\n\t<figure class=\"pos-rel bg-cover bg-center w-100\"><img decoding=\"async\" width=\"720\" height=\"400\" src=\"data:image\/svg+xml,%3Csvg xmlns=&#039;http:\/\/www.w3.org\/2000\/svg&#039; viewBox=&#039;0 0  &#039;%3E%3C\/svg%3E\" class=\"w-100 ld-lazyload wp-post-image\" alt=\"\" itemprop=\"image\" data-src=\"https:\/\/surgistclinic.com\/it\/wp-content\/uploads\/2022\/10\/sac-ekimi-teknikleri-1-720x400.jpg\" data-srcset=\"https:\/\/surgistclinic.com\/it\/wp-content\/uploads\/2022\/10\/sac-ekimi-teknikleri-1-720x400.jpg 720w, https:\/\/surgistclinic.com\/it\/wp-content\/uploads\/2022\/10\/sac-ekimi-teknikleri-1-300x167.jpg 300w, https:\/\/surgistclinic.com\/it\/wp-content\/uploads\/2022\/10\/sac-ekimi-teknikleri-1-1024x569.jpg 1024w, https:\/\/surgistclinic.com\/it\/wp-content\/uploads\/2022\/10\/sac-ekimi-teknikleri-1.jpg 1390w\" data-sizes=\"(max-width: 720px) 100vw, 720px\" data-aspect=\"\" \/><\/figure><\/div>\n\n<header class=\"lqd-lp-header mb-3\">\n\t<h2 class=\"entry-title lqd-lp-title h5 m-0\"><a  href=\"https:\/\/surgistclinic.com\/it\/quali-metodi-vengono-utilizzati-per-il-trapianto-di-capelli.html\/\" rel=\"bookmark\">Quali metodi vengono utilizzati per il trapianto di capelli?<\/a><\/h2><\/header>\n\n\t\t\t<div class=\"lqd-lp-excerpt mb-3\">\n\t\t\t\t<p>Nelle procedure di trapianto di capelli; FUE senza lasciare traccia o sulla nuca&#8230;<\/p>\n\t\t\t<\/div>\n\t\t\n\n<a  href=\"https:\/\/surgistclinic.com\/it\/quali-metodi-vengono-utilizzati-per-il-trapianto-di-capelli.html\/\" class=\"lqd-lp-overlay-link lqd-overlay z-index-2\"><\/a>\n<\/article><\/div><\/div><!--\/ .row --><\/div><!--\/ .lqd-lp-grid -->\t\t<\/div>\n\t\t\t\t<\/div>\n\t\t\t\t\t<\/div>\n\t\t<\/div>\n\t\t\t\t\t\t\t<\/div>\n\t\t<\/section>\n\t\t\t\t\t\t\t<\/div>\n\t\t","protected":false},"excerpt":{"rendered":"","protected":false},"author":1,"featured_media":0,"parent":0,"menu_order":0,"comment_status":"closed","ping_status":"closed","template":"","meta":{"footnotes":""},"class_list":["post-3316","page","type-page","status-publish","hentry"],"_links":{"self":[{"href":"https:\/\/surgistclinic.com\/it\/wp-json\/wp\/v2\/pages\/3316","targetHints":{"allow":["GET"]}}],"collection":[{"href":"https:\/\/surgistclinic.com\/it\/wp-json\/wp\/v2\/pages"}],"about":[{"href":"https:\/\/surgistclinic.com\/it\/wp-json\/wp\/v2\/types\/page"}],"author":[{"embeddable":true,"href":"https:\/\/surgistclinic.com\/it\/wp-json\/wp\/v2\/users\/1"}],"replies":[{"embeddable":true,"href":"https:\/\/surgistclinic.com\/it\/wp-json\/wp\/v2\/comments?post=3316"}],"version-history":[{"count":34,"href":"https:\/\/surgistclinic.com\/it\/wp-json\/wp\/v2\/pages\/3316\/revisions"}],"predecessor-version":[{"id":5878,"href":"https:\/\/surgistclinic.com\/it\/wp-json\/wp\/v2\/pages\/3316\/revisions\/5878"}],"wp:attachment":[{"href":"https:\/\/surgistclinic.com\/it\/wp-json\/wp\/v2\/media?parent=3316"}],"curies":[{"name":"wp","href":"https:\/\/api.w.org\/{rel}","templated":true}]}}