{"id":5175,"date":"2023-04-11T15:03:24","date_gmt":"2023-04-11T12:03:24","guid":{"rendered":"https:\/\/surgistclinic.com\/it\/?page_id=5175"},"modified":"2023-05-02T17:19:49","modified_gmt":"2023-05-02T14:19:49","slug":"mini-bypass-gastrico","status":"publish","type":"page","link":"https:\/\/surgistclinic.com\/it\/mini-bypass-gastrico\/","title":{"rendered":"Mini Bypass Gastrico"},"content":{"rendered":"\t\t<div data-elementor-type=\"wp-page\" data-elementor-id=\"5175\" class=\"elementor elementor-5175\">\n\t\t\t\t\t\t\t\t\t<section class=\"elementor-section elementor-top-section elementor-element elementor-element-ec7f9ee elementor-section-boxed elementor-section-height-default elementor-section-height-default\" data-id=\"ec7f9ee\" data-element_type=\"section\" data-settings=\"{&quot;background_background&quot;:&quot;classic&quot;}\">\n\t\t\t\t\t\t<div class=\"elementor-container elementor-column-gap-default\">\n\t\t\t\t\t<div class=\"elementor-column elementor-col-100 elementor-top-column elementor-element elementor-element-abcc275\" data-id=\"abcc275\" data-element_type=\"column\">\n\t\t\t<div class=\"elementor-widget-wrap elementor-element-populated\">\n\t\t\t\t\t\t\t\t<section class=\"elementor-section elementor-inner-section elementor-element elementor-element-b3287be elementor-section-boxed elementor-section-height-default elementor-section-height-default\" data-id=\"b3287be\" data-element_type=\"section\">\n\t\t\t\t\t\t<div class=\"elementor-container elementor-column-gap-default\">\n\t\t\t\t\t<div class=\"elementor-column elementor-col-100 elementor-inner-column elementor-element elementor-element-34f9ea5\" data-id=\"34f9ea5\" data-element_type=\"column\">\n\t\t\t<div class=\"elementor-widget-wrap elementor-element-populated\">\n\t\t\t\t\t\t\t\t<div class=\"elementor-element elementor-element-1e52213 elementor-widget elementor-widget-hub_fancy_heading\" data-id=\"1e52213\" data-element_type=\"widget\" data-widget_type=\"hub_fancy_heading.default\">\n\t\t\t\t<div class=\"elementor-widget-container\">\n\t\t\t\n\t\t<div id=\"ld-fancy-heading-69e61314d8836\" class=\"ld-fancy-heading pos-rel\">\n\t\t\t<h1 class=\"ld-fh-element d-inline-block pos-rel elementor-heading-title lqd-highlight-classic lqd-highlight-grow-left h1\"  > Mini Bypass Gastrico<\/h1>\t\t<\/div>\n\n\t\t\t\t<\/div>\n\t\t\t\t<\/div>\n\t\t\t\t<div class=\"elementor-element elementor-element-e3e61d9 elementor-widget elementor-widget-spacer\" data-id=\"e3e61d9\" data-element_type=\"widget\" data-widget_type=\"spacer.default\">\n\t\t\t\t<div class=\"elementor-widget-container\">\n\t\t\t<style>\/*! elementor - v3.6.7 - 03-07-2022 *\/\n.e-container.e-container--row .elementor-spacer-inner{width:var(--spacer-size)}.e-container.e-container--column .elementor-spacer-inner,.elementor-column .elementor-spacer-inner{height:var(--spacer-size)}<\/style>\t\t<div class=\"elementor-spacer\">\n\t\t\t<div class=\"elementor-spacer-inner\"><\/div>\n\t\t<\/div>\n\t\t\t\t<\/div>\n\t\t\t\t<\/div>\n\t\t\t\t<div class=\"elementor-element elementor-element-0ba721e elementor-widget__width-auto elementor-widget elementor-widget-ld_breadcrumb\" data-id=\"0ba721e\" data-element_type=\"widget\" data-widget_type=\"ld_breadcrumb.default\">\n\t\t\t\t<div class=\"elementor-widget-container\">\n\t\t\t<div class=\"lqd-breadcrumb-wrapper\"><nav role=\"navigation\" aria-label=\"Breadcrumbs\" class=\"breadcrumbs\"><ol class=\"breadcrumb reset-ul inline-nav inline-ul comma-sep-li\"><li class=\"breadcrumb-item active\"><a href=\"https:\/\/surgistclinic.com\/it\" rel=\"home\"><span>Anasayfa<\/span><\/a><\/li><\/ol><\/nav><\/div>\t\t<\/div>\n\t\t\t\t<\/div>\n\t\t\t\t\t<\/div>\n\t\t<\/div>\n\t\t\t\t\t\t\t<\/div>\n\t\t<\/section>\n\t\t\t\t\t<\/div>\n\t\t<\/div>\n\t\t\t\t\t\t\t<\/div>\n\t\t<\/section>\n\t\t\t\t<section class=\"elementor-section elementor-top-section elementor-element elementor-element-cc40346 elementor-section-boxed elementor-section-height-default elementor-section-height-default\" data-id=\"cc40346\" data-element_type=\"section\">\n\t\t\t\t\t\t<div class=\"elementor-container elementor-column-gap-default\">\n\t\t\t\t\t<div class=\"elementor-column elementor-col-50 elementor-top-column elementor-element elementor-element-060f131\" data-id=\"060f131\" data-element_type=\"column\">\n\t\t\t<div class=\"elementor-widget-wrap elementor-element-populated\">\n\t\t\t\t\t\t\t\t<div class=\"elementor-element elementor-element-3e982a6 elementor-widget elementor-widget-text-editor\" data-id=\"3e982a6\" data-element_type=\"widget\" data-widget_type=\"text-editor.default\">\n\t\t\t\t<div class=\"elementor-widget-container\">\n\t\t\t<style>\/*! elementor - v3.6.7 - 03-07-2022 *\/\n.elementor-widget-text-editor.elementor-drop-cap-view-stacked .elementor-drop-cap{background-color:#818a91;color:#fff}.elementor-widget-text-editor.elementor-drop-cap-view-framed .elementor-drop-cap{color:#818a91;border:3px solid;background-color:transparent}.elementor-widget-text-editor:not(.elementor-drop-cap-view-default) .elementor-drop-cap{margin-top:8px}.elementor-widget-text-editor:not(.elementor-drop-cap-view-default) .elementor-drop-cap-letter{width:1em;height:1em}.elementor-widget-text-editor .elementor-drop-cap{float:left;text-align:center;line-height:1;font-size:50px}.elementor-widget-text-editor .elementor-drop-cap-letter{display:inline-block}<\/style>\t\t\t\t<p>Il Mini Bypass Gastrico \u00e8 l&#8217;intervento pi\u00f9 semplice, breve ed economico tra gli interventi di chirurgia bariatrica. La chirurgia mini bypass gastrico fornisce la perdita di peso tanto quanto altri interventi chirurgici di bypass. Pu\u00f2 controllare condizioni come il diabete di tipo 2, il diabete, l&#8217;iperlipidemia e l&#8217;ipertensione, che sono tra i sintomi della sindrome metabolica. La logica pi\u00f9 basilare in chirurgia \u00e8 ridurre il volume dello stomaco. Tuttavia, oltre a questo, viene bypassato nell&#8217;intestino che fornisce l&#8217;assorbimento all&#8217;uscita dello stomaco. Viene realizzato un bypass con la connessione dell&#8217;anastomosi tra lo stomaco e l&#8217;intestino tenue. Con la disattivazione di questo intestino assorbente, ha un effetto positivo sulla rapida perdita di peso, sul trattamento della pressione sanguigna, del colesterolo, del diabete e dei pazienti in et\u00e0 avanzata. Il mini bypass gastrico \u00e8 un&#8217;operazione eseguita con metodi completamente chiusi. Le incisioni sono effettuate sotto 1 centimetro. Attraverso queste incisioni, la telecamera e gli strumenti necessari per l&#8217;intervento vengono inseriti nell&#8217;addome. Questi strumenti sono strumenti prodotti appositamente che possono passare attraverso i fori. Un piccolo tubo gastrico viene creato all&#8217;ingresso dello stomaco per separarlo dal resto dello stomaco. Lo stomaco effettivo da utilizzare dopo l&#8217;intervento chirurgico \u00e8 questo pezzo di stomaco. In chirurgia, nessun organo viene tagliato e rimosso. Questo stomaco formato \u00e8 collegato all&#8217;intestino tenue e il cibo viene passato all&#8217;intestino. Questa procedura copre la seconda parte dell&#8217;intervento chirurgico.<\/p><p><strong>Chi sono i candidati per l&#8217;intervento di mini bypass gastrico?<\/strong><\/p><p>Per l&#8217;intervento di mini bypass gastrico, \u00e8 necessario avere un indice di massa corporea minimo di 35 e oltre. L&#8217;operazione richiede tra 30-60 minuti. Puoi essere dimesso 24 ore dopo l&#8217;operazione.<\/p><p><strong>Come perdere peso con il mini bypass gastrico<\/strong><\/p><p>Con il Mini Gastric Bypass \u00e8 possibile dimagrire in tre modi diversi. Queste sono le strade; riduzione del volume dello stomaco, restrizione dell&#8217;assorbimento e regolazione ormonale. Con la riduzione del volume dello stomaco, che \u00e8 il primo modo, le porzioni di cibo saranno ridotte. Nel secondo modo, la restrizione dell&#8217;assorbimento, la sezione di 200 cm all&#8217;inizio dell&#8217;intestino tenue viene separata dal passaggio del cibo. \u00c8 compito di questa sezione separata trasportare la bile e altri fluidi che consentono la digestione e l&#8217;assorbimento. Grazie a questa limitazione di assorbimento, la quantit\u00e0 della tua perdita di peso sar\u00e0 elevata e la perdita di peso che hai raggiunto verr\u00e0 mantenuta a lungo. La terza via, la regolazione ormonale, ha l&#8217;effetto di mantenere lo stomaco passivo all&#8217;interno. Poich\u00e9 i cibi mangiati non possono superare questa parte, la loro efficacia andr\u00e0 persa senza preavviso. In questo modo diminuir\u00e0 la secrezione di grelina, che \u00e8 l&#8217;ormone della fame.<\/p><p><strong>In che modo lo stomaco e l&#8217;intestino tenue sono collegati tra loro?<\/strong><\/p><p>La connessione dello stomaco e dell&#8217;intestino tenue \u00e8 realizzata con speciali graffette chiamate cucitrici. Queste graffatrici, chiamate graffatrici, sono utensili appositamente prodotti adatti al metodo chiuso. Incollando insieme lo stomaco e l&#8217;intestino, si crea uno spazio tra di loro. Questo spazio creato \u00e8 chiamato anastomosi.<\/p><p><strong>Quando posso essere dimesso dopo un mini intervento di bypass gastrico?<\/strong><\/p><p>Puoi alzarti 4 ore dopo l&#8217;intervento di mini bypass gastrico e iniziare a nutrirti per via orale 24 ore dopo l&#8217;intervento. Se non hai problemi a seguito dei controlli e degli esami, puoi essere dimesso 3 giorni dopo l&#8217;operazione con raccomandazioni nutrizionali.<\/p><p><strong>Come devo mangiare dopo l&#8217;intervento di mini bypass gastrico?<\/strong><\/p><p>Dopo il Mini Bypass Gastrico, devi seguire il piano alimentare preparato dal tuo dietologo appositamente per te. In generale, il giorno dopo l&#8217;intervento pu\u00f2 essere somministrata una piccola quantit\u00e0 di acqua, succo di mela o succhi di frutta. Per il primo mese si possono consumare alimenti liquidi o semiliquidi, latte e yogurt magri, zuppe preparate con lo yogurt, puree di frutta preparate con lo yogurt, pur\u00e8 di legumi e sformati, corn flakes preparati con latte scremato e formaggi magri. A parte questi, cioccolato, miele, torte, dolci, sorbetti, gelati, bibite gassate, bevande alcoliche e tutti gli alimenti contenenti zucchero non devono essere consumati in quanto provocano il vomito.<\/p>\t\t\t\t\t\t<\/div>\n\t\t\t\t<\/div>\n\t\t\t\t\t<\/div>\n\t\t<\/div>\n\t\t\t\t<div class=\"lqd-css-sticky-column elementor-column elementor-col-50 elementor-top-column elementor-element elementor-element-7502c88\" style=\"--lqd-sticky-offset:0px\" data-id=\"7502c88\" data-element_type=\"column\" data-settings=\"{&quot;background_background&quot;:&quot;classic&quot;}\">\n\t\t\t<div class=\"elementor-widget-wrap elementor-element-populated\">\n\t\t\t\t\t\t\t\t<section class=\"elementor-section elementor-inner-section elementor-element elementor-element-95e3470 elementor-section-boxed elementor-section-height-default elementor-section-height-default\" data-id=\"95e3470\" data-element_type=\"section\" data-settings=\"{&quot;background_background&quot;:&quot;classic&quot;}\">\n\t\t\t\t\t\t<div class=\"elementor-container elementor-column-gap-default\">\n\t\t\t\t\t<div class=\"elementor-column elementor-col-100 elementor-inner-column elementor-element elementor-element-5a4c8f7\" data-id=\"5a4c8f7\" data-element_type=\"column\">\n\t\t\t<div class=\"elementor-widget-wrap elementor-element-populated\">\n\t\t\t\t\t\t\t\t<div class=\"elementor-element elementor-element-0849b58 elementor-widget elementor-widget-hub_fancy_heading\" data-id=\"0849b58\" data-element_type=\"widget\" data-widget_type=\"hub_fancy_heading.default\">\n\t\t\t\t<div class=\"elementor-widget-container\">\n\t\t\t\n\t\t<div id=\"ld-fancy-heading-69e61314e8025\" class=\"ld-fancy-heading pos-rel\">\n\t\t\t<h6 class=\"ld-fh-element d-inline-block pos-rel elementor-heading-title lqd-highlight-classic lqd-highlight-grow-left h6\"  data-text-rotator=\"true\" > RICHIEDI <\/h6>\t\t<\/div>\n\n\t\t\t\t<\/div>\n\t\t\t\t<\/div>\n\t\t\t\t<div class=\"elementor-element elementor-element-fe7eb15 elementor-widget elementor-widget-hub_fancy_heading\" data-id=\"fe7eb15\" data-element_type=\"widget\" data-widget_type=\"hub_fancy_heading.default\">\n\t\t\t\t<div class=\"elementor-widget-container\">\n\t\t\t\n\t\t<div id=\"ld-fancy-heading-69e61314e87c6\" class=\"ld-fancy-heading pos-rel\">\n\t\t\t<h6 class=\"ld-fh-element d-inline-block pos-rel elementor-heading-title lqd-highlight-classic lqd-highlight-grow-left h6\"  data-text-rotator=\"true\" > INFORMAZIONI ORA<\/h6>\t\t<\/div>\n\n\t\t\t\t<\/div>\n\t\t\t\t<\/div>\n\t\t\t\t<div class=\"elementor-element elementor-element-32f62d8 elementor-widget elementor-widget-spacer\" data-id=\"32f62d8\" data-element_type=\"widget\" data-widget_type=\"spacer.default\">\n\t\t\t\t<div class=\"elementor-widget-container\">\n\t\t\t\t\t<div class=\"elementor-spacer\">\n\t\t\t<div class=\"elementor-spacer-inner\"><\/div>\n\t\t<\/div>\n\t\t\t\t<\/div>\n\t\t\t\t<\/div>\n\t\t\t\t<div class=\"elementor-element elementor-element-025f699 elementor-widget elementor-widget-ld_cf722\" data-id=\"025f699\" data-element_type=\"widget\" data-widget_type=\"ld_cf722.default\">\n\t\t\t\t<div class=\"elementor-widget-container\">\n\t\t\t\n\t<div class=\"lqd-contact-form lqd-contact-form-button-block\" >\n\t\t\n<div class=\"wpcf7 no-js\" id=\"wpcf7-f6-o1\" lang=\"tr-TR\" dir=\"ltr\">\n<div class=\"screen-reader-response\"><p role=\"status\" aria-live=\"polite\" aria-atomic=\"true\"><\/p> <ul><\/ul><\/div>\n<form action=\"\/it\/wp-json\/wp\/v2\/pages\/5175#wpcf7-f6-o1\" method=\"post\" class=\"wpcf7-form init\" aria-label=\"Contact form\" novalidate=\"novalidate\" data-status=\"init\">\n<div style=\"display: none;\">\n<input type=\"hidden\" name=\"_wpcf7\" value=\"6\" \/>\n<input type=\"hidden\" name=\"_wpcf7_version\" value=\"5.7.5.1\" \/>\n<input type=\"hidden\" name=\"_wpcf7_locale\" value=\"tr_TR\" \/>\n<input type=\"hidden\" name=\"_wpcf7_unit_tag\" value=\"wpcf7-f6-o1\" \/>\n<input type=\"hidden\" name=\"_wpcf7_container_post\" value=\"0\" \/>\n<input type=\"hidden\" name=\"_wpcf7_posted_data_hash\" value=\"\" \/>\n<\/div>\n<div class=\"row\">\n\t<div class=\"col-md-12\">\n\t\t<p><span class=\"wpcf7-form-control-wrap\" data-name=\"adi\"><input size=\"40\" class=\"wpcf7-form-control wpcf7-text wpcf7-validates-as-required\" aria-required=\"true\" aria-invalid=\"false\" placeholder=\"Il tuo nome\" value=\"\" type=\"text\" name=\"adi\" \/><\/span><i class=\"lqd-icn-ess icon-lqd-user\"><\/i>\n\t\t<\/p>\n\t<\/div>\n\t<div class=\"col-md-12\">\n\t\t<p><span class=\"wpcf7-form-control-wrap\" data-name=\"tel\"><input size=\"40\" class=\"wpcf7-form-control wpcf7-text wpcf7-validates-as-required\" aria-required=\"true\" aria-invalid=\"false\" placeholder=\"Il tuo numero di telefono\" value=\"\" type=\"text\" name=\"tel\" \/><\/span><i aria-hidden=\"true\" class=\"fas fa-mobile-alt\"><\/i>\n\t\t<\/p>\n\t<\/div>\n\t<div class=\"col-md-12\">\n\t\t<p><span class=\"wpcf7-form-control-wrap\" data-name=\"tedavi\"><select class=\"wpcf7-form-control wpcf7-select wpcf7-validates-as-required\" aria-required=\"true\" aria-invalid=\"false\" name=\"tedavi\"><option value=\"Scegli Trattamento\">Scegli Trattamento<\/option><option value=\"Trapianto di capelli\">Trapianto di capelli<\/option><option value=\"Chirurgia plastica\">Chirurgia plastica<\/option><option value=\"Esterno\">Esterno<\/option><option value=\"Obesit\u00e0\">Obesit\u00e0<\/option><\/select><\/span>\n\t\t<\/p>\n\t<\/div>\n\t<div class=\"col-md-12\">\n\t\t<p><span class=\"wpcf7-form-control-wrap\" data-name=\"mesaj\"><textarea cols=\"40\" rows=\"2\" class=\"wpcf7-form-control wpcf7-textarea\" aria-invalid=\"false\" placeholder=\"Messaggio\" name=\"mesaj\"><\/textarea><\/span><i aria-hidden=\"true\" class=\"far fa-comment-alt\"><\/i>\n\t\t<\/p>\n\t<\/div>\n\t<div class=\"col-md-12\">\n\t\t<p><input class=\"wpcf7-form-control has-spinner wpcf7-submit\" type=\"submit\" value=\"Inviare il Modulo\" \/>\n\t\t<\/p>\n\t<\/div>\n<\/div><div class=\"wpcf7-response-output\" aria-hidden=\"true\"><\/div>\n<\/form>\n<\/div>\n\t<\/div>\n\n\t\t\t<\/div>\n\t\t\t\t<\/div>\n\t\t\t\t\t<\/div>\n\t\t<\/div>\n\t\t\t\t\t\t\t<\/div>\n\t\t<\/section>\n\t\t\t\t<section class=\"elementor-section elementor-inner-section elementor-element elementor-element-34b7600 elementor-section-boxed elementor-section-height-default elementor-section-height-default\" data-id=\"34b7600\" data-element_type=\"section\" data-settings=\"{&quot;background_background&quot;:&quot;classic&quot;}\">\n\t\t\t\t\t\t<div class=\"elementor-container elementor-column-gap-default\">\n\t\t\t\t\t<div class=\"elementor-column elementor-col-100 elementor-inner-column elementor-element elementor-element-70d72a8\" data-id=\"70d72a8\" data-element_type=\"column\">\n\t\t\t<div class=\"elementor-widget-wrap elementor-element-populated\">\n\t\t\t\t\t\t\t\t<div class=\"elementor-element elementor-element-a48463c elementor-widget elementor-widget-hub_fancy_heading\" data-id=\"a48463c\" data-element_type=\"widget\" data-widget_type=\"hub_fancy_heading.default\">\n\t\t\t\t<div class=\"elementor-widget-container\">\n\t\t\t\n\t\t<div id=\"ld-fancy-heading-69e61314eb21d\" class=\"ld-fancy-heading pos-rel\">\n\t\t\t<h6 class=\"ld-fh-element d-inline-block pos-rel elementor-heading-title lqd-highlight-classic lqd-highlight-grow-left h6\"  data-text-rotator=\"true\" > Obesit\u00e0<\/h6>\t\t<\/div>\n\n\t\t\t\t<\/div>\n\t\t\t\t<\/div>\n\t\t\t\t<div class=\"elementor-element elementor-element-6ab6cf7 elementor-widget elementor-widget-hub_fancy_heading\" data-id=\"6ab6cf7\" data-element_type=\"widget\" data-widget_type=\"hub_fancy_heading.default\">\n\t\t\t\t<div class=\"elementor-widget-container\">\n\t\t\t\n\t\t<div id=\"ld-fancy-heading-69e61314eb9d1\" class=\"ld-fancy-heading pos-rel\">\n\t\t\t<h6 class=\"ld-fh-element d-inline-block pos-rel elementor-heading-title lqd-highlight-classic lqd-highlight-grow-left h6\"  data-text-rotator=\"true\" > TRATTAMENTI<\/h6>\t\t<\/div>\n\n\t\t\t\t<\/div>\n\t\t\t\t<\/div>\n\t\t\t\t<div class=\"elementor-element elementor-element-b3dc9af elementor-widget elementor-widget-spacer\" data-id=\"b3dc9af\" data-element_type=\"widget\" data-widget_type=\"spacer.default\">\n\t\t\t\t<div class=\"elementor-widget-container\">\n\t\t\t\t\t<div class=\"elementor-spacer\">\n\t\t\t<div class=\"elementor-spacer-inner\"><\/div>\n\t\t<\/div>\n\t\t\t\t<\/div>\n\t\t\t\t<\/div>\n\t\t\t\t<div class=\"elementor-element elementor-element-bcded0c elementor-icon-list--layout-traditional elementor-list-item-link-full_width elementor-widget elementor-widget-icon-list\" data-id=\"bcded0c\" data-element_type=\"widget\" data-widget_type=\"icon-list.default\">\n\t\t\t\t<div class=\"elementor-widget-container\">\n\t\t\t<link rel=\"stylesheet\" href=\"https:\/\/surgistclinic.com\/it\/wp-content\/plugins\/elementor\/assets\/css\/widget-icon-list.min.css\">\t\t<ul class=\"elementor-icon-list-items\">\n\t\t\t\t\t\t\t<li class=\"elementor-icon-list-item\">\n\t\t\t\t\t\t\t\t\t\t\t<a href=\"https:\/\/surgistclinic.com\/it\/tubo-stomaco\/\">\n\n\t\t\t\t\t\t\t\t\t\t\t\t<span class=\"elementor-icon-list-icon\">\n\t\t\t\t\t\t\t<i aria-hidden=\"true\" class=\"lqd-icn-ess icon-md-arrow-round-forward-2\"><\/i>\t\t\t\t\t\t<\/span>\n\t\t\t\t\t\t\t\t\t\t<span class=\"elementor-icon-list-text\">Tubo Stomaco<\/span>\n\t\t\t\t\t\t\t\t\t\t\t<\/a>\n\t\t\t\t\t\t\t\t\t<\/li>\n\t\t\t\t\t\t\t\t<li class=\"elementor-icon-list-item\">\n\t\t\t\t\t\t\t\t\t\t\t<a href=\"https:\/\/surgistclinic.com\/it\/bypass-gastrico\/\">\n\n\t\t\t\t\t\t\t\t\t\t\t\t<span class=\"elementor-icon-list-icon\">\n\t\t\t\t\t\t\t<i aria-hidden=\"true\" class=\"lqd-icn-ess icon-md-arrow-round-forward-2\"><\/i>\t\t\t\t\t\t<\/span>\n\t\t\t\t\t\t\t\t\t\t<span class=\"elementor-icon-list-text\">Bypass Gastrico<\/span>\n\t\t\t\t\t\t\t\t\t\t\t<\/a>\n\t\t\t\t\t\t\t\t\t<\/li>\n\t\t\t\t\t\t\t\t<li class=\"elementor-icon-list-item\">\n\t\t\t\t\t\t\t\t\t\t\t<a href=\"https:\/\/surgistclinic.com\/it\/mini-bypass-gastrico\/\">\n\n\t\t\t\t\t\t\t\t\t\t\t\t<span class=\"elementor-icon-list-icon\">\n\t\t\t\t\t\t\t<i aria-hidden=\"true\" class=\"lqd-icn-ess icon-md-arrow-round-forward-2\"><\/i>\t\t\t\t\t\t<\/span>\n\t\t\t\t\t\t\t\t\t\t<span class=\"elementor-icon-list-text\">Mini Bypass Gastrico<\/span>\n\t\t\t\t\t\t\t\t\t\t\t<\/a>\n\t\t\t\t\t\t\t\t\t<\/li>\n\t\t\t\t\t\t<\/ul>\n\t\t\t\t<\/div>\n\t\t\t\t<\/div>\n\t\t\t\t\t<\/div>\n\t\t<\/div>\n\t\t\t\t\t\t\t<\/div>\n\t\t<\/section>\n\t\t\t\t\t<\/div>\n\t\t<\/div>\n\t\t\t\t\t\t\t<\/div>\n\t\t<\/section>\n\t\t\t\t\t\t\t<\/div>\n\t\t","protected":false},"excerpt":{"rendered":"<p>Mini Bypass Gastrico Anasayfa Il Mini Bypass Gastrico \u00e8 l&#8217;intervento pi\u00f9 semplice, breve ed economico tra gli interventi di chirurgia bariatrica. La chirurgia mini bypass gastrico fornisce la perdita di peso tanto quanto altri interventi chirurgici di bypass. Pu\u00f2 controllare condizioni come il diabete di tipo 2, il diabete, l&#8217;iperlipidemia e l&#8217;ipertensione, che sono tra [&hellip;]<\/p>\n","protected":false},"author":1,"featured_media":0,"parent":0,"menu_order":0,"comment_status":"closed","ping_status":"closed","template":"","meta":{"footnotes":""},"class_list":["post-5175","page","type-page","status-publish","hentry"],"_links":{"self":[{"href":"https:\/\/surgistclinic.com\/it\/wp-json\/wp\/v2\/pages\/5175","targetHints":{"allow":["GET"]}}],"collection":[{"href":"https:\/\/surgistclinic.com\/it\/wp-json\/wp\/v2\/pages"}],"about":[{"href":"https:\/\/surgistclinic.com\/it\/wp-json\/wp\/v2\/types\/page"}],"author":[{"embeddable":true,"href":"https:\/\/surgistclinic.com\/it\/wp-json\/wp\/v2\/users\/1"}],"replies":[{"embeddable":true,"href":"https:\/\/surgistclinic.com\/it\/wp-json\/wp\/v2\/comments?post=5175"}],"version-history":[{"count":21,"href":"https:\/\/surgistclinic.com\/it\/wp-json\/wp\/v2\/pages\/5175\/revisions"}],"predecessor-version":[{"id":5921,"href":"https:\/\/surgistclinic.com\/it\/wp-json\/wp\/v2\/pages\/5175\/revisions\/5921"}],"wp:attachment":[{"href":"https:\/\/surgistclinic.com\/it\/wp-json\/wp\/v2\/media?parent=5175"}],"curies":[{"name":"wp","href":"https:\/\/api.w.org\/{rel}","templated":true}]}}